{"id":142,"date":"2026-01-28T15:02:32","date_gmt":"2026-01-28T15:02:32","guid":{"rendered":"https:\/\/bohojordan13.com\/?page_id=142"},"modified":"2026-01-30T10:00:31","modified_gmt":"2026-01-30T10:00:31","slug":"politica-de-privacidad","status":"publish","type":"page","link":"https:\/\/bohojordan13.com\/index.php\/politica-de-privacidad\/","title":{"rendered":"Pol\u00edtica de privacidad"},"content":{"rendered":"\t\t<div data-elementor-type=\"wp-page\" data-elementor-id=\"142\" class=\"elementor elementor-142\" data-elementor-post-type=\"page\">\n\t\t\t\t<div class=\"elementor-element elementor-element-fe6c9c9 e-flex e-con-boxed e-con e-parent\" data-id=\"fe6c9c9\" data-element_type=\"container\" data-e-type=\"container\" data-settings=\"{&quot;background_background&quot;:&quot;classic&quot;}\">\n\t\t\t\t\t<div class=\"e-con-inner\">\n\t\t<div class=\"elementor-element elementor-element-7cb2a4e e-grid e-con-full e-con e-child\" data-id=\"7cb2a4e\" data-element_type=\"container\" data-e-type=\"container\">\n\t\t<div class=\"elementor-element elementor-element-cddae29 e-con-full e-flex e-con e-child\" data-id=\"cddae29\" data-element_type=\"container\" data-e-type=\"container\">\n\t\t\t\t<\/div>\n\t\t<div class=\"elementor-element elementor-element-40e8a5e e-con-full e-flex e-con e-child\" data-id=\"40e8a5e\" data-element_type=\"container\" data-e-type=\"container\">\n\t\t\t\t<div class=\"elementor-element elementor-element-eee308c elementor-widget elementor-widget-image\" data-id=\"eee308c\" data-element_type=\"widget\" data-e-type=\"widget\" data-widget_type=\"image.default\">\n\t\t\t\t\t\t\t\t\t\t\t\t\t\t\t\t<a href=\"https:\/\/bohojordan13.com\/\">\n\t\t\t\t\t\t\t<img fetchpriority=\"high\" decoding=\"async\" width=\"515\" height=\"588\" src=\"https:\/\/bohojordan13.com\/wp-content\/uploads\/2026\/01\/BOHO-Jordan-13-Logotipo_Bright-Red-RGB.svg\" class=\"attachment-large size-large wp-image-24\" alt=\"\" \/>\t\t\t\t\t\t\t\t<\/a>\n\t\t\t\t\t\t\t\t\t\t\t\t\t\t\t<\/div>\n\t\t\t\t<\/div>\n\t\t<div class=\"elementor-element elementor-element-67056f9 e-con-full e-flex e-con e-child\" data-id=\"67056f9\" data-element_type=\"container\" data-e-type=\"container\">\n\t\t\t\t<\/div>\n\t\t\t\t<\/div>\n\t\t\t\t\t<\/div>\n\t\t\t\t<\/div>\n\t\t<div class=\"elementor-element elementor-element-7e1066c e-flex e-con-boxed e-con e-parent\" data-id=\"7e1066c\" data-element_type=\"container\" data-e-type=\"container\">\n\t\t\t\t\t<div class=\"e-con-inner\">\n\t\t<div class=\"elementor-element elementor-element-5194ec3 e-con-full e-flex e-con e-child\" data-id=\"5194ec3\" data-element_type=\"container\" data-e-type=\"container\">\n\t\t\t\t<div class=\"elementor-element elementor-element-89c0114 elementor-widget elementor-widget-heading\" data-id=\"89c0114\" data-element_type=\"widget\" data-e-type=\"widget\" data-widget_type=\"heading.default\">\n\t\t\t\t\t<h2 class=\"elementor-heading-title elementor-size-default\">Pol\u00edtica de privacidad<\/h2>\t\t\t\t<\/div>\n\t\t\t\t<\/div>\n\t\t<div class=\"elementor-element elementor-element-c002183 e-con-full e-flex e-con e-child\" data-id=\"c002183\" data-element_type=\"container\" data-e-type=\"container\">\n\t\t<div class=\"elementor-element elementor-element-2bb100c e-con-full e-flex e-con e-child\" data-id=\"2bb100c\" data-element_type=\"container\" data-e-type=\"container\">\n\t\t\t\t<div class=\"elementor-element elementor-element-e2cdfcf elementor-widget elementor-widget-text-editor\" data-id=\"e2cdfcf\" data-element_type=\"widget\" data-e-type=\"widget\" data-widget_type=\"text-editor.default\">\n\t\t\t\t\t\t\t\t\t<p class=\"p1\">Se informa a los usuarios de esta p\u00e1gina Web de que los datos de car\u00e1cter personal que faciliten cumplimentando el formulario ser\u00e1n tratados de conformidad con la presente Pol\u00edtica de Protecci\u00f3n de datos.<\/p>\t\t\t\t\t\t\t\t<\/div>\n\t\t\t\t<div class=\"elementor-element elementor-element-e8c0f72 elementor-widget elementor-widget-heading\" data-id=\"e8c0f72\" data-element_type=\"widget\" data-e-type=\"widget\" data-widget_type=\"heading.default\">\n\t\t\t\t\t<h2 class=\"elementor-heading-title elementor-size-default\">\u00bfQui\u00e9n es el Responsable del tratamiento de tus datos?<\/h2>\t\t\t\t<\/div>\n\t\t\t\t<div class=\"elementor-element elementor-element-5e56987 elementor-widget elementor-widget-text-editor\" data-id=\"5e56987\" data-element_type=\"widget\" data-e-type=\"widget\" data-widget_type=\"text-editor.default\">\n\t\t\t\t\t\t\t\t\t<p>Identidad: DESARROLLO 02 FACTUM INVESTMENTS SLU<br \/>\u00b7 NIF: B56490451<br \/>\u00b7 Direcci\u00f3n postal: AVDA MADRID, NUM 20 28750 SAN AGUSTIN DEL GUADALIX &#8211; (MADRID)<br \/>\u00b7 Tel\u00e9fono: <a href=\"tel:+34660438327\">+34 660 438 327<\/a><br \/>\u00b7 Correo electr\u00f3nico:\u00a0<a href=\"mailto:alm@factum.investments\">alm@factum.investments<\/a><\/p>\t\t\t\t\t\t\t\t<\/div>\n\t\t\t\t<div class=\"elementor-element elementor-element-62a20fe elementor-widget elementor-widget-heading\" data-id=\"62a20fe\" data-element_type=\"widget\" data-e-type=\"widget\" data-widget_type=\"heading.default\">\n\t\t\t\t\t<h2 class=\"elementor-heading-title elementor-size-default\">\u00bfCon qu\u00e9 finalidad tratamos tus datos personales?\u2028<\/h2>\t\t\t\t<\/div>\n\t\t\t\t<div class=\"elementor-element elementor-element-c9d895b elementor-widget elementor-widget-text-editor\" data-id=\"c9d895b\" data-element_type=\"widget\" data-e-type=\"widget\" data-widget_type=\"text-editor.default\">\n\t\t\t\t\t\t\t\t\t<p class=\"p1\">Los datos podr\u00e1n ser tratados con las siguientes finalidades, dependiendo del motivo por el que fueros facilitados:<br \/>\u2013 Dar respuesta a las solicitudes de informaci\u00f3n, peticiones, consultas o reclamaciones planteadas por el usuario sobre los distintos servicios, y realizar un posterior seguimiento de las mismas<br \/>\u2013 El env\u00edo de comunicaciones comerciales de nuestros servicios, siempre que haya otorgando su consentimiento marcando la casilla correspondiente que se encuentra al pie del formulario.<br \/>\u2013 Gestionar solicitudes de empleo y llevar a cabo las actuaciones necesarias para la selecci\u00f3n y contrataci\u00f3n de personal.<\/p>\t\t\t\t\t\t\t\t<\/div>\n\t\t\t\t<div class=\"elementor-element elementor-element-f0387a1 elementor-widget elementor-widget-heading\" data-id=\"f0387a1\" data-element_type=\"widget\" data-e-type=\"widget\" data-widget_type=\"heading.default\">\n\t\t\t\t\t<h2 class=\"elementor-heading-title elementor-size-default\">\u00bfDurante cu\u00e1nto tiempo trataremos tus datos?\u2028<\/h2>\t\t\t\t<\/div>\n\t\t\t\t<div class=\"elementor-element elementor-element-7ed6454 elementor-widget elementor-widget-text-editor\" data-id=\"7ed6454\" data-element_type=\"widget\" data-e-type=\"widget\" data-widget_type=\"text-editor.default\">\n\t\t\t\t\t\t\t\t\t<p class=\"p1\">Los plazos de conservaci\u00f3n de los datos para los distintos tratamientos ser\u00e1n:<br \/>Los datos de car\u00e1cter personal utilizados para la remisi\u00f3n de comunicaciones comerciales podr\u00e1n conservarse, para este fin, de manera indefinida, salvo que el usuario se oponga o se manifieste en contra enviando un escrito en este sentido a la direcci\u00f3n de correo indicada en el encabezamiento. Los datos de car\u00e1cter personal facilitados para realizar solicitudes, peticiones, consultas o reclamaciones ser\u00e1n conservados durante el tiempo necesario para dar respuesta a las mismas y dar estas definitivamente por cerradas. Posteriormente, ser\u00e1n conservados a modo de hist\u00f3rico de comunicaciones, salvo que el usuario solicite su supresi\u00f3n, al correo electr\u00f3nico indicado anteriormente.<br \/>Los datos de car\u00e1cter personal facilitados para la participaci\u00f3n en procesos de selecci\u00f3n de personal ser\u00e1n tratados hasta que quede resuelta la solicitud de empleo o, durante m\u00e1s tiempo, en el supuesto de que puedan surgir nuevos puestos o trabajos que encajen con ese perfil, salvo que se indique lo contrario expresamente.<\/p>\t\t\t\t\t\t\t\t<\/div>\n\t\t\t\t<div class=\"elementor-element elementor-element-5ce6560 elementor-widget elementor-widget-heading\" data-id=\"5ce6560\" data-element_type=\"widget\" data-e-type=\"widget\" data-widget_type=\"heading.default\">\n\t\t\t\t\t<h2 class=\"elementor-heading-title elementor-size-default\">\u00bfCu\u00e1l es la legitimaci\u00f3n para el tratamiento de tus datos?\u2028<\/h2>\t\t\t\t<\/div>\n\t\t\t\t<div class=\"elementor-element elementor-element-d654618 elementor-widget elementor-widget-text-editor\" data-id=\"d654618\" data-element_type=\"widget\" data-e-type=\"widget\" data-widget_type=\"text-editor.default\">\n\t\t\t\t\t\t\t\t\t<p class=\"p1\">La base legal para el tratamiento de sus datos de car\u00e1cter personal ser\u00e1 el consentimiento del interesado para el tratamiento de sus datos, que se manifiesta mediante la cumplimentaci\u00f3n y el env\u00edo de los distintos formularios habilitados en las p\u00e1ginas web de gp35.es, pudiendo revocarse dicho consentimiento en cualquier momento.<br \/>En el caso de tratamientos de datos para participar en procesos de selecci\u00f3n, la base legal ser\u00e1 la futura ejecuci\u00f3n de un contrato.<br \/>En cualquier caso, la autorizaci\u00f3n para tratar sus datos con estos fines es voluntaria y su negativa s\u00f3lo tendr\u00eda como consecuencia:<br \/>El hecho de que no recibir\u00eda comunicaciones comerciales. El hecho de que no se pueda atender la concreta solicitud realizada. El hecho de que no participar\u00eda en los procesos de selecci\u00f3n de personal.<\/p>\t\t\t\t\t\t\t\t<\/div>\n\t\t\t\t<div class=\"elementor-element elementor-element-934a1a9 elementor-widget elementor-widget-heading\" data-id=\"934a1a9\" data-element_type=\"widget\" data-e-type=\"widget\" data-widget_type=\"heading.default\">\n\t\t\t\t\t<h2 class=\"elementor-heading-title elementor-size-default\">\u00bfA qu\u00e9 destinatarios se comunicar\u00e1n tus datos?\u2028<\/h2>\t\t\t\t<\/div>\n\t\t\t\t<div class=\"elementor-element elementor-element-40175c1 elementor-widget elementor-widget-text-editor\" data-id=\"40175c1\" data-element_type=\"widget\" data-e-type=\"widget\" data-widget_type=\"text-editor.default\">\n\t\t\t\t\t\t\t\t\t<p class=\"p1\">Los datos personales ser\u00e1n tratados de manera confidencial y no cedidos a ning\u00fan tercero.<\/p>\t\t\t\t\t\t\t\t<\/div>\n\t\t\t\t<div class=\"elementor-element elementor-element-34a5a10 elementor-widget elementor-widget-heading\" data-id=\"34a5a10\" data-element_type=\"widget\" data-e-type=\"widget\" data-widget_type=\"heading.default\">\n\t\t\t\t\t<h2 class=\"elementor-heading-title elementor-size-default\">\u00bfCu\u00e1les son tus derechos cuando nos facilitas tus datos?\u2028<\/h2>\t\t\t\t<\/div>\n\t\t\t\t<div class=\"elementor-element elementor-element-65fefe2 elementor-widget elementor-widget-text-editor\" data-id=\"65fefe2\" data-element_type=\"widget\" data-e-type=\"widget\" data-widget_type=\"text-editor.default\">\n\t\t\t\t\t\t\t\t\t<p class=\"p1\">Cualquier persona tiene derecho a obtener confirmaci\u00f3n sobre si estamos tratando datos personales que les conciernan, o no. Las personas interesadas tienen derecho a acceder a sus datos personales, as\u00ed como a solicitar la rectificaci\u00f3n de los datos inexactos o, en su caso, solicitar su supresi\u00f3n cuando, entre otros motivos, los datos ya no sean necesarios para los fines para los que fueron recogidos.<\/p><p class=\"p1\">En las condiciones previstas en el Reglamento General de Protecci\u00f3n de Datos, los interesados podr\u00e1n solicitar la limitaci\u00f3n del tratamiento de sus datos o su portabilidad, en cuyo caso \u00fanicamente los conservaremos para el ejercicio o la defensa de reclamaciones.<br \/>En determinadas circunstancias y por motivos relacionados con su situaci\u00f3n particular, los interesados podr\u00e1n oponerse al tratamiento de sus datos. Si has otorgado el consentimiento para alguna finalidad espec\u00edfica, tienes derecho a retirarlo en cualquier momento, sin que ello afecte a la licitud del tratamiento basado en el consentimiento previo a su retirada. En estos supuestos dejaremos de tratar los datos o, en su caso, dejaremos de hacerlo para esa finalidad en concreto, salvo por motivos leg\u00edtimos imperiosos, o el ejercicio o la defensa de posibles reclamaciones.<\/p><p class=\"p1\">Todos los derechos mencionados pueden ejercerse a trav\u00e9s de los medios de contacto que figuran al principio de esta cl\u00e1usula. Frente a cualquier vulneraci\u00f3n de tus derechos, especialmente cuando no hayas obtenido satisfacci\u00f3n en su ejercicio, puedes presentar una reclamaci\u00f3n ante la Agencia Espa\u00f1ola de Protecci\u00f3n de Datos (datos de contacto accesibles en www.agpd.es), u otra autoridad de control competente. Tambi\u00e9n puedes obtener m\u00e1s informaci\u00f3n sobre los derechos que te asisten dirigi\u00e9ndote a dichos organismos.<br \/>Si facilitas datos de terceros, asumes la responsabilidad de informarles previamente de todo lo previsto en el art\u00edculo 14 del Reglamento General de Protecci\u00f3n de Datos en las condiciones establecidas en dicho precepto y haber obtenido su consentimiento.<br \/>DESARROLLO 02 FACTUM INVESTMENTS SLU se compromete en la utilizaci\u00f3n de los datos personales facilitados conforme a las finalidades indicadas en esta Pol\u00edtica de Protecci\u00f3n de Datos, respetando su confidencialidad, as\u00ed como a dar cumplimiento a su obligaci\u00f3n de guardarlos y adaptar todas las medidas para evitar la alteraci\u00f3n, p\u00e9rdida, tratamiento o acceso no autorizado, conforme a la normativa de protecci\u00f3n de datos vigente.<\/p><p class=\"p1\">La responsabilidad sobre la veracidad de los datos introducidos tanto en la Web como en las redes sociales utilizadas por la misma, en el supuesto de la participaci\u00f3n por parte de los usuarios en alg\u00fan evento por parte de la empresa, es exclusiva del usuario, siendo este el responsable de facilitar datos verdaderos, exactos, completos y actualizados, siendo responsable en caso contrario por facilitar datos inexactos.<\/p>\t\t\t\t\t\t\t\t<\/div>\n\t\t\t\t<\/div>\n\t\t\t\t<\/div>\n\t\t\t\t\t<\/div>\n\t\t\t\t<\/div>\n\t\t\t\t<\/div>\n\t\t","protected":false},"excerpt":{"rendered":"<p>Pol\u00edtica de privacidad Se informa a los usuarios de esta p\u00e1gina Web de que los datos de car\u00e1cter personal que faciliten cumplimentando el formulario ser\u00e1n tratados de conformidad con la presente Pol\u00edtica de Protecci\u00f3n de datos. \u00bfQui\u00e9n es el Responsable del tratamiento de tus datos? Identidad: DESARROLLO 02 FACTUM INVESTMENTS SLU\u00b7 NIF: B56490451\u00b7 Direcci\u00f3n postal: [&hellip;]<\/p>\n","protected":false},"author":1,"featured_media":0,"parent":0,"menu_order":0,"comment_status":"closed","ping_status":"closed","template":"","meta":{"footnotes":""},"class_list":["post-142","page","type-page","status-publish","hentry"],"yoast_head":"<!-- This site is optimized with the Yoast SEO plugin v27.3 - https:\/\/yoast.com\/product\/yoast-seo-wordpress\/ -->\n<title>Pol\u00edtica de privacidad - Boho Jord\u00e1n 13<\/title>\n<meta name=\"robots\" content=\"index, follow, max-snippet:-1, max-image-preview:large, max-video-preview:-1\" \/>\n<link rel=\"canonical\" href=\"https:\/\/bohojordan13.com\/index.php\/politica-de-privacidad\/\" \/>\n<meta property=\"og:locale\" content=\"es_ES\" \/>\n<meta property=\"og:type\" content=\"article\" \/>\n<meta property=\"og:title\" content=\"Pol\u00edtica de privacidad - Boho Jord\u00e1n 13\" \/>\n<meta property=\"og:description\" content=\"Pol\u00edtica de privacidad Se informa a los usuarios de esta p\u00e1gina Web de que los datos de car\u00e1cter personal que faciliten cumplimentando el formulario ser\u00e1n tratados de conformidad con la presente Pol\u00edtica de Protecci\u00f3n de datos. \u00bfQui\u00e9n es el Responsable del tratamiento de tus datos? Identidad: DESARROLLO 02 FACTUM INVESTMENTS SLU\u00b7 NIF: B56490451\u00b7 Direcci\u00f3n postal: [&hellip;]\" \/>\n<meta property=\"og:url\" content=\"https:\/\/bohojordan13.com\/index.php\/politica-de-privacidad\/\" \/>\n<meta property=\"og:site_name\" content=\"Boho Jord\u00e1n 13\" \/>\n<meta property=\"article:modified_time\" content=\"2026-01-30T10:00:31+00:00\" \/>\n<meta property=\"og:image\" content=\"http:\/\/bohojordan13.com\/wp-content\/uploads\/2026\/01\/BOHO-Jordan-13-Logotipo_Bright-Red-RGB.svg\" \/>\n<meta name=\"twitter:card\" content=\"summary_large_image\" \/>\n<meta name=\"twitter:label1\" content=\"Tiempo de lectura\" \/>\n\t<meta name=\"twitter:data1\" content=\"5 minutos\" \/>\n<script type=\"application\/ld+json\" class=\"yoast-schema-graph\">{\"@context\":\"https:\\\/\\\/schema.org\",\"@graph\":[{\"@type\":\"WebPage\",\"@id\":\"https:\\\/\\\/bohojordan13.com\\\/index.php\\\/politica-de-privacidad\\\/\",\"url\":\"https:\\\/\\\/bohojordan13.com\\\/index.php\\\/politica-de-privacidad\\\/\",\"name\":\"Pol\u00edtica de privacidad - Boho Jord\u00e1n 13\",\"isPartOf\":{\"@id\":\"https:\\\/\\\/bohojordan13.com\\\/#website\"},\"primaryImageOfPage\":{\"@id\":\"https:\\\/\\\/bohojordan13.com\\\/index.php\\\/politica-de-privacidad\\\/#primaryimage\"},\"image\":{\"@id\":\"https:\\\/\\\/bohojordan13.com\\\/index.php\\\/politica-de-privacidad\\\/#primaryimage\"},\"thumbnailUrl\":\"http:\\\/\\\/bohojordan13.com\\\/wp-content\\\/uploads\\\/2026\\\/01\\\/BOHO-Jordan-13-Logotipo_Bright-Red-RGB.svg\",\"datePublished\":\"2026-01-28T15:02:32+00:00\",\"dateModified\":\"2026-01-30T10:00:31+00:00\",\"breadcrumb\":{\"@id\":\"https:\\\/\\\/bohojordan13.com\\\/index.php\\\/politica-de-privacidad\\\/#breadcrumb\"},\"inLanguage\":\"es\",\"potentialAction\":[{\"@type\":\"ReadAction\",\"target\":[\"https:\\\/\\\/bohojordan13.com\\\/index.php\\\/politica-de-privacidad\\\/\"]}]},{\"@type\":\"ImageObject\",\"inLanguage\":\"es\",\"@id\":\"https:\\\/\\\/bohojordan13.com\\\/index.php\\\/politica-de-privacidad\\\/#primaryimage\",\"url\":\"http:\\\/\\\/bohojordan13.com\\\/wp-content\\\/uploads\\\/2026\\\/01\\\/BOHO-Jordan-13-Logotipo_Bright-Red-RGB.svg\",\"contentUrl\":\"http:\\\/\\\/bohojordan13.com\\\/wp-content\\\/uploads\\\/2026\\\/01\\\/BOHO-Jordan-13-Logotipo_Bright-Red-RGB.svg\"},{\"@type\":\"BreadcrumbList\",\"@id\":\"https:\\\/\\\/bohojordan13.com\\\/index.php\\\/politica-de-privacidad\\\/#breadcrumb\",\"itemListElement\":[{\"@type\":\"ListItem\",\"position\":1,\"name\":\"Portada\",\"item\":\"https:\\\/\\\/bohojordan13.com\\\/\"},{\"@type\":\"ListItem\",\"position\":2,\"name\":\"Pol\u00edtica de privacidad\"}]},{\"@type\":\"WebSite\",\"@id\":\"https:\\\/\\\/bohojordan13.com\\\/#website\",\"url\":\"https:\\\/\\\/bohojordan13.com\\\/\",\"name\":\"Boho Jord\u00e1n 13\",\"description\":\"Una nueva construccion, un nuevo comienzo\",\"publisher\":{\"@id\":\"https:\\\/\\\/bohojordan13.com\\\/#organization\"},\"potentialAction\":[{\"@type\":\"SearchAction\",\"target\":{\"@type\":\"EntryPoint\",\"urlTemplate\":\"https:\\\/\\\/bohojordan13.com\\\/?s={search_term_string}\"},\"query-input\":{\"@type\":\"PropertyValueSpecification\",\"valueRequired\":true,\"valueName\":\"search_term_string\"}}],\"inLanguage\":\"es\"},{\"@type\":\"Organization\",\"@id\":\"https:\\\/\\\/bohojordan13.com\\\/#organization\",\"name\":\"Boho Jord\u00e1n 13\",\"url\":\"https:\\\/\\\/bohojordan13.com\\\/\",\"logo\":{\"@type\":\"ImageObject\",\"inLanguage\":\"es\",\"@id\":\"https:\\\/\\\/bohojordan13.com\\\/#\\\/schema\\\/logo\\\/image\\\/\",\"url\":\"https:\\\/\\\/bohojordan13.com\\\/wp-content\\\/uploads\\\/2026\\\/01\\\/BOHO-Jordan-13-Logotipo_Bright-Red-RGB.svg\",\"contentUrl\":\"https:\\\/\\\/bohojordan13.com\\\/wp-content\\\/uploads\\\/2026\\\/01\\\/BOHO-Jordan-13-Logotipo_Bright-Red-RGB.svg\",\"width\":515,\"height\":588,\"caption\":\"Boho Jord\u00e1n 13\"},\"image\":{\"@id\":\"https:\\\/\\\/bohojordan13.com\\\/#\\\/schema\\\/logo\\\/image\\\/\"}}]}<\/script>\n<!-- \/ Yoast SEO plugin. -->","yoast_head_json":{"title":"Pol\u00edtica de privacidad - Boho Jord\u00e1n 13","robots":{"index":"index","follow":"follow","max-snippet":"max-snippet:-1","max-image-preview":"max-image-preview:large","max-video-preview":"max-video-preview:-1"},"canonical":"https:\/\/bohojordan13.com\/index.php\/politica-de-privacidad\/","og_locale":"es_ES","og_type":"article","og_title":"Pol\u00edtica de privacidad - Boho Jord\u00e1n 13","og_description":"Pol\u00edtica de privacidad Se informa a los usuarios de esta p\u00e1gina Web de que los datos de car\u00e1cter personal que faciliten cumplimentando el formulario ser\u00e1n tratados de conformidad con la presente Pol\u00edtica de Protecci\u00f3n de datos. \u00bfQui\u00e9n es el Responsable del tratamiento de tus datos? Identidad: DESARROLLO 02 FACTUM INVESTMENTS SLU\u00b7 NIF: B56490451\u00b7 Direcci\u00f3n postal: [&hellip;]","og_url":"https:\/\/bohojordan13.com\/index.php\/politica-de-privacidad\/","og_site_name":"Boho Jord\u00e1n 13","article_modified_time":"2026-01-30T10:00:31+00:00","og_image":[{"url":"http:\/\/bohojordan13.com\/wp-content\/uploads\/2026\/01\/BOHO-Jordan-13-Logotipo_Bright-Red-RGB.svg","type":"","width":"","height":""}],"twitter_card":"summary_large_image","twitter_misc":{"Tiempo de lectura":"5 minutos"},"schema":{"@context":"https:\/\/schema.org","@graph":[{"@type":"WebPage","@id":"https:\/\/bohojordan13.com\/index.php\/politica-de-privacidad\/","url":"https:\/\/bohojordan13.com\/index.php\/politica-de-privacidad\/","name":"Pol\u00edtica de privacidad - Boho Jord\u00e1n 13","isPartOf":{"@id":"https:\/\/bohojordan13.com\/#website"},"primaryImageOfPage":{"@id":"https:\/\/bohojordan13.com\/index.php\/politica-de-privacidad\/#primaryimage"},"image":{"@id":"https:\/\/bohojordan13.com\/index.php\/politica-de-privacidad\/#primaryimage"},"thumbnailUrl":"http:\/\/bohojordan13.com\/wp-content\/uploads\/2026\/01\/BOHO-Jordan-13-Logotipo_Bright-Red-RGB.svg","datePublished":"2026-01-28T15:02:32+00:00","dateModified":"2026-01-30T10:00:31+00:00","breadcrumb":{"@id":"https:\/\/bohojordan13.com\/index.php\/politica-de-privacidad\/#breadcrumb"},"inLanguage":"es","potentialAction":[{"@type":"ReadAction","target":["https:\/\/bohojordan13.com\/index.php\/politica-de-privacidad\/"]}]},{"@type":"ImageObject","inLanguage":"es","@id":"https:\/\/bohojordan13.com\/index.php\/politica-de-privacidad\/#primaryimage","url":"http:\/\/bohojordan13.com\/wp-content\/uploads\/2026\/01\/BOHO-Jordan-13-Logotipo_Bright-Red-RGB.svg","contentUrl":"http:\/\/bohojordan13.com\/wp-content\/uploads\/2026\/01\/BOHO-Jordan-13-Logotipo_Bright-Red-RGB.svg"},{"@type":"BreadcrumbList","@id":"https:\/\/bohojordan13.com\/index.php\/politica-de-privacidad\/#breadcrumb","itemListElement":[{"@type":"ListItem","position":1,"name":"Portada","item":"https:\/\/bohojordan13.com\/"},{"@type":"ListItem","position":2,"name":"Pol\u00edtica de privacidad"}]},{"@type":"WebSite","@id":"https:\/\/bohojordan13.com\/#website","url":"https:\/\/bohojordan13.com\/","name":"Boho Jord\u00e1n 13","description":"Una nueva construccion, un nuevo comienzo","publisher":{"@id":"https:\/\/bohojordan13.com\/#organization"},"potentialAction":[{"@type":"SearchAction","target":{"@type":"EntryPoint","urlTemplate":"https:\/\/bohojordan13.com\/?s={search_term_string}"},"query-input":{"@type":"PropertyValueSpecification","valueRequired":true,"valueName":"search_term_string"}}],"inLanguage":"es"},{"@type":"Organization","@id":"https:\/\/bohojordan13.com\/#organization","name":"Boho Jord\u00e1n 13","url":"https:\/\/bohojordan13.com\/","logo":{"@type":"ImageObject","inLanguage":"es","@id":"https:\/\/bohojordan13.com\/#\/schema\/logo\/image\/","url":"https:\/\/bohojordan13.com\/wp-content\/uploads\/2026\/01\/BOHO-Jordan-13-Logotipo_Bright-Red-RGB.svg","contentUrl":"https:\/\/bohojordan13.com\/wp-content\/uploads\/2026\/01\/BOHO-Jordan-13-Logotipo_Bright-Red-RGB.svg","width":515,"height":588,"caption":"Boho Jord\u00e1n 13"},"image":{"@id":"https:\/\/bohojordan13.com\/#\/schema\/logo\/image\/"}}]}},"_links":{"self":[{"href":"https:\/\/bohojordan13.com\/index.php\/wp-json\/wp\/v2\/pages\/142","targetHints":{"allow":["GET"]}}],"collection":[{"href":"https:\/\/bohojordan13.com\/index.php\/wp-json\/wp\/v2\/pages"}],"about":[{"href":"https:\/\/bohojordan13.com\/index.php\/wp-json\/wp\/v2\/types\/page"}],"author":[{"embeddable":true,"href":"https:\/\/bohojordan13.com\/index.php\/wp-json\/wp\/v2\/users\/1"}],"replies":[{"embeddable":true,"href":"https:\/\/bohojordan13.com\/index.php\/wp-json\/wp\/v2\/comments?post=142"}],"version-history":[{"count":22,"href":"https:\/\/bohojordan13.com\/index.php\/wp-json\/wp\/v2\/pages\/142\/revisions"}],"predecessor-version":[{"id":336,"href":"https:\/\/bohojordan13.com\/index.php\/wp-json\/wp\/v2\/pages\/142\/revisions\/336"}],"wp:attachment":[{"href":"https:\/\/bohojordan13.com\/index.php\/wp-json\/wp\/v2\/media?parent=142"}],"curies":[{"name":"wp","href":"https:\/\/api.w.org\/{rel}","templated":true}]}}