{"id":147,"date":"2026-01-28T15:02:25","date_gmt":"2026-01-28T15:02:25","guid":{"rendered":"https:\/\/bohojordan13.com\/?page_id=147"},"modified":"2026-02-05T07:57:26","modified_gmt":"2026-02-05T07:57:26","slug":"politica-de-cookies","status":"publish","type":"page","link":"https:\/\/bohojordan13.com\/index.php\/politica-de-cookies\/","title":{"rendered":"Pol\u00edtica de cookies"},"content":{"rendered":"\t\t<div data-elementor-type=\"wp-page\" data-elementor-id=\"147\" class=\"elementor elementor-147\" data-elementor-post-type=\"page\">\n\t\t\t\t<div class=\"elementor-element elementor-element-041e956 e-flex e-con-boxed e-con e-parent\" data-id=\"041e956\" data-element_type=\"container\" data-e-type=\"container\" data-settings=\"{&quot;background_background&quot;:&quot;classic&quot;}\">\n\t\t\t\t\t<div class=\"e-con-inner\">\n\t\t<div class=\"elementor-element elementor-element-7c35bc1 e-grid e-con-full e-con e-child\" data-id=\"7c35bc1\" data-element_type=\"container\" data-e-type=\"container\">\n\t\t<div class=\"elementor-element elementor-element-8bf575e e-con-full e-flex e-con e-child\" data-id=\"8bf575e\" data-element_type=\"container\" data-e-type=\"container\">\n\t\t\t\t<\/div>\n\t\t<div class=\"elementor-element elementor-element-4c0b6f7 e-con-full e-flex e-con e-child\" data-id=\"4c0b6f7\" data-element_type=\"container\" data-e-type=\"container\">\n\t\t\t\t<div class=\"elementor-element elementor-element-e3d6764 elementor-widget elementor-widget-image\" data-id=\"e3d6764\" data-element_type=\"widget\" data-e-type=\"widget\" data-widget_type=\"image.default\">\n\t\t\t\t\t\t\t\t\t\t\t\t\t\t\t\t<a href=\"https:\/\/bohojordan13.com\/\">\n\t\t\t\t\t\t\t<img fetchpriority=\"high\" decoding=\"async\" width=\"515\" height=\"588\" src=\"https:\/\/bohojordan13.com\/wp-content\/uploads\/2026\/01\/BOHO-Jordan-13-Logotipo_Bright-Red-RGB.svg\" class=\"attachment-large size-large wp-image-24\" alt=\"\" \/>\t\t\t\t\t\t\t\t<\/a>\n\t\t\t\t\t\t\t\t\t\t\t\t\t\t\t<\/div>\n\t\t\t\t<\/div>\n\t\t<div class=\"elementor-element elementor-element-b55aa83 e-con-full e-flex e-con e-child\" data-id=\"b55aa83\" data-element_type=\"container\" data-e-type=\"container\">\n\t\t\t\t<\/div>\n\t\t\t\t<\/div>\n\t\t\t\t\t<\/div>\n\t\t\t\t<\/div>\n\t\t<div class=\"elementor-element elementor-element-1db2df1 e-flex e-con-boxed e-con e-parent\" data-id=\"1db2df1\" data-element_type=\"container\" data-e-type=\"container\">\n\t\t\t\t\t<div class=\"e-con-inner\">\n\t\t<div class=\"elementor-element elementor-element-b9d593c e-con-full e-flex e-con e-child\" data-id=\"b9d593c\" data-element_type=\"container\" data-e-type=\"container\">\n\t\t\t\t<div class=\"elementor-element elementor-element-91c93a6 elementor-widget elementor-widget-heading\" data-id=\"91c93a6\" data-element_type=\"widget\" data-e-type=\"widget\" data-widget_type=\"heading.default\">\n\t\t\t\t\t<h2 class=\"elementor-heading-title elementor-size-default\">Pol\u00edtica de cookies<\/h2>\t\t\t\t<\/div>\n\t\t\t\t<\/div>\n\t\t<div class=\"elementor-element elementor-element-2d82c40 e-con-full e-flex e-con e-child\" data-id=\"2d82c40\" data-element_type=\"container\" data-e-type=\"container\">\n\t\t<div class=\"elementor-element elementor-element-9222365 e-con-full e-flex e-con e-child\" data-id=\"9222365\" data-element_type=\"container\" data-e-type=\"container\">\n\t\t\t\t<div class=\"elementor-element elementor-element-a3e66c3 elementor-widget elementor-widget-text-editor\" data-id=\"a3e66c3\" data-element_type=\"widget\" data-e-type=\"widget\" data-widget_type=\"text-editor.default\">\n\t\t\t\t\t\t\t\t\t<p class=\"p1\">En la web Factum Boho 13 utilizamos cookies para facilitar la relaci\u00f3n de los visitantes con nuestro contenido y para permitir elaborar estad\u00edsticas sobre las visitantes que recibimos.<br \/>Le informamos que podemos utilizar cookies con la finalidad de facilitar su navegaci\u00f3n a trav\u00e9s del Sitio Web, distinguirle de otros usuarios, proporcionarle una mejor experiencia en el uso del mismo, e identificar problemas para mejorar nuestro Sitio Web. Asimismo, en caso de que preste su consentimiento, utilizaremos cookies que nos permitan obtener m\u00e1s informaci\u00f3n acerca de sus preferencias y personalizar nuestro Sitio Web de conformidad con sus intereses individuales.<\/p>\t\t\t\t\t\t\t\t<\/div>\n\t\t\t\t<div class=\"elementor-element elementor-element-b11c730 elementor-widget elementor-widget-heading\" data-id=\"b11c730\" data-element_type=\"widget\" data-e-type=\"widget\" data-widget_type=\"heading.default\">\n\t\t\t\t\t<h2 class=\"elementor-heading-title elementor-size-default\">\u00bfQu\u00e9 son las cookies?<\/h2>\t\t\t\t<\/div>\n\t\t\t\t<div class=\"elementor-element elementor-element-02a5f22 elementor-widget elementor-widget-text-editor\" data-id=\"02a5f22\" data-element_type=\"widget\" data-e-type=\"widget\" data-widget_type=\"text-editor.default\">\n\t\t\t\t\t\t\t\t\t<p class=\"p1\">Se denominan cookies a unos peque\u00f1os archivos que se graban en el navegador utilizado por cada visitante de nuestra web para que el servidor pueda recordar la visita de ese usuario con posterioridad cuando vuelva a acceder a nuestros contenidos. Esta informaci\u00f3n no revela su identidad, ni dato personal alguno, ni accede al contenido almacenado en su pc, pero s\u00ed que permite a nuestro sistema identificarle a usted como un usuario determinado que ya visit\u00f3 la web con anterioridad, visualiz\u00f3 determinadas p\u00e1ginas, etc. y adem\u00e1s permite guardar sus preferencias personales e informaci\u00f3n t\u00e9cnica como por ejemplo las visitas realizadas o p\u00e1ginas concretas que visite.<\/p><p class=\"p1\">En cumplimiento de la Directiva 2009\/136\/CE, desarrollada en nuestro ordenamiento por el apartado segundo del art\u00edculo 22 de la Ley de Servicios de Sociedad de la Informaci\u00f3n, siguiendo las directrices de la Agencia Espa\u00f1ola de Protecci\u00f3n de Datos, procedemos a informarle detalladamente del uso que se realiza en nuestra web.<\/p><p class=\"p1\">La presente pol\u00edtica de cookies tiene por finalidad informarle de manera clara y precisa sobre las cookies que se utilizan en nuestro Sitio Web (la \u201cPol\u00edtica de Cookies\u201d). Respecto de las cookies de terceros, es decir aquellas que son ajenas a nuestro sitio web, no podemos hacernos responsables del contenido y veracidad de las pol\u00edticas de privacidad que ellos incluyen por lo que la informaci\u00f3n que le ofrecemos es siempre con referencia a la fuente.<br \/>A continuaci\u00f3n, se realiza una clasificaci\u00f3n de las cookies en funci\u00f3n de una serie de categor\u00edas. No obstante es necesario tener en cuenta que una misma cookie puede estar incluida en m\u00e1s de una categor\u00eda.<\/p>\t\t\t\t\t\t\t\t<\/div>\n\t\t\t\t<div class=\"elementor-element elementor-element-6b47c82 elementor-widget elementor-widget-heading\" data-id=\"6b47c82\" data-element_type=\"widget\" data-e-type=\"widget\" data-widget_type=\"heading.default\">\n\t\t\t\t\t<h2 class=\"elementor-heading-title elementor-size-default\">Tipos de cookies\u2028<\/h2>\t\t\t\t<\/div>\n\t\t\t\t<div class=\"elementor-element elementor-element-5ea7321 elementor-widget elementor-widget-text-editor\" data-id=\"5ea7321\" data-element_type=\"widget\" data-e-type=\"widget\" data-widget_type=\"text-editor.default\">\n\t\t\t\t\t\t\t\t\t<p data-start=\"233\" data-end=\"435\"><strong data-start=\"233\" data-end=\"255\">\u2013 Cookies propias:<\/strong> Son aquellas que se env\u00edan al equipo terminal del usuario desde un equipo o dominio gestionado por el propio editor y desde el que se presta el servicio solicitado por el usuario.<\/p><p data-start=\"437\" data-end=\"626\"><strong data-start=\"437\" data-end=\"463\">\u2013 Cookies de terceros:<\/strong> Son aquellas que se env\u00edan al equipo terminal del usuario desde un equipo o dominio que no es gestionado por el editor, sino por otra entidad que trata los datos.<\/p><p data-start=\"628\" data-end=\"761\"><strong data-start=\"628\" data-end=\"652\">\u2013 Cookies de sesi\u00f3n:<\/strong> Son un tipo de cookies dise\u00f1adas para recabar y almacenar datos mientras el usuario accede a una p\u00e1gina web.<\/p><p data-start=\"763\" data-end=\"1018\"><strong data-start=\"763\" data-end=\"790\">\u2013 Cookies persistentes:<\/strong> Son un tipo de cookies en las que los datos permanecen almacenados en el terminal y pueden ser accedidos y tratados durante un periodo definido por el responsable de la cookie, que puede ir desde unos minutos hasta varios a\u00f1os.<\/p><p data-start=\"1020\" data-end=\"1662\"><strong data-start=\"1020\" data-end=\"1043\">\u2013 Cookies t\u00e9cnicas:<\/strong> Son aquellas que permiten al usuario la navegaci\u00f3n a trav\u00e9s de una p\u00e1gina web, plataforma o aplicaci\u00f3n y la utilizaci\u00f3n de las diferentes opciones o servicios que en ella existan, como por ejemplo: controlar el tr\u00e1fico y la comunicaci\u00f3n de datos, identificar la sesi\u00f3n, acceder a partes de acceso restringido, recordar los elementos que integran un pedido, realizar el proceso de compra, realizar la solicitud de inscripci\u00f3n o participaci\u00f3n en un evento, utilizar elementos de seguridad durante la navegaci\u00f3n, almacenar contenidos para la difusi\u00f3n de v\u00eddeos o sonido, o compartir contenidos a trav\u00e9s de redes sociales.<\/p><p data-start=\"1664\" data-end=\"2014\"><strong data-start=\"1664\" data-end=\"1697\">\u2013 Cookies de personalizaci\u00f3n:<\/strong> Son aquellas que permiten al usuario acceder al servicio con algunas caracter\u00edsticas de car\u00e1cter general predefinidas en funci\u00f3n de una serie de criterios en el terminal del usuario, como por ejemplo el idioma, el tipo de navegador a trav\u00e9s del cual accede al servicio o la configuraci\u00f3n regional desde donde accede.<\/p><p data-start=\"2016\" data-end=\"3083\"><strong data-start=\"2016\" data-end=\"2042\">\u2013 Cookies de an\u00e1lisis:<\/strong> Son aquellas que permiten al responsable de las mismas el seguimiento y an\u00e1lisis del comportamiento de los usuarios de los sitios web a los que est\u00e1n vinculadas.<br data-start=\"2204\" data-end=\"2207\" \/>La informaci\u00f3n recogida mediante este tipo de cookies se utiliza para la medici\u00f3n de la actividad de los sitios web, aplicaciones o plataformas y para la elaboraci\u00f3n de perfiles de navegaci\u00f3n de los usuarios de dichos sitios, aplicaciones y plataformas, con el fin de introducir mejoras en funci\u00f3n del an\u00e1lisis de los datos de uso que hacen los usuarios del servicio.<br data-start=\"2574\" data-end=\"2577\" \/>Respecto al tratamiento de los datos recabados a trav\u00e9s de las cookies de an\u00e1lisis, y aunque no est\u00e1n exentas del deber de obtener un consentimiento informado para su uso, es poco probable que representen un riesgo para la privacidad de los usuarios siempre que se trate de cookies de primera parte, que traten datos agregados con una finalidad estrictamente estad\u00edstica, que se facilite informaci\u00f3n sobre su uso y que se incluya la posibilidad de que los usuarios manifiesten su negativa a su utilizaci\u00f3n.<\/p><p data-start=\"3085\" data-end=\"3439\"><strong data-start=\"3085\" data-end=\"3113\">\u2013 Cookies publicitarias:<\/strong> Son aquellas que permiten la gesti\u00f3n, de la forma m\u00e1s eficaz posible, de los espacios publicitarios que, en su caso, el editor haya incluido en una p\u00e1gina web, aplicaci\u00f3n o plataforma desde la que presta el servicio solicitado, en base a criterios como el contenido editado o la frecuencia en la que se muestran los anuncios.<\/p><p data-start=\"3441\" data-end=\"3956\"><strong data-start=\"3441\" data-end=\"3484\">\u2013 Cookies de publicidad comportamental:<\/strong> Son aquellas que permiten la gesti\u00f3n, de la forma m\u00e1s eficaz posible, de los espacios publicitarios que, en su caso, el editor haya incluido en una p\u00e1gina web, aplicaci\u00f3n o plataforma desde la que presta el servicio solicitado.<br data-start=\"3712\" data-end=\"3715\" \/>Estas cookies almacenan informaci\u00f3n del comportamiento de los usuarios obtenida a trav\u00e9s de la observaci\u00f3n continuada de sus h\u00e1bitos de navegaci\u00f3n, lo que permite desarrollar un perfil espec\u00edfico para mostrar publicidad en funci\u00f3n del mismo.<\/p><p data-start=\"3958\" data-end=\"4450\">Actualmente, la mayor\u00eda de los navegadores vienen configurados por defecto para bloquear la instalaci\u00f3n de cookies de publicidad o de terceros en el equipo del usuario. El usuario puede ampliar las restricciones de origen, impidiendo la instalaci\u00f3n de cualquier tipo de cookie, o, por el contrario, eliminar dichas restricciones, aceptando la instalaci\u00f3n de cualquier tipo de cookies. Si est\u00e1 interesado en admitir cookies de publicidad o de terceros, podr\u00e1 configurar su navegador a tal fin.<\/p><p data-start=\"4452\" data-end=\"4970\">La aceptaci\u00f3n realizada por el usuario, marcando el check habilitado en la informaci\u00f3n inicial sobre cookies, implica que est\u00e1 consintiendo expresamente al responsable su utilizaci\u00f3n, pudiendo ejercer sus derechos y revocar su consentimiento en cualquier momento mediante solicitud a <strong data-start=\"4736\" data-end=\"4776\">DESARROLLO 02 FACTUM INVESTMENTS SLU<\/strong>.<br data-start=\"4777\" data-end=\"4780\" \/>A continuaci\u00f3n, se informa detalladamente de las cookies que pueden instalarse desde este sitio web. En funci\u00f3n de la navegaci\u00f3n del usuario, podr\u00e1n instalarse todas o solo algunas de ellas.<\/p><p data-start=\"4972\" data-end=\"5317\">Es posible que se actualice la Pol\u00edtica de Cookies del Sitio Web, por lo que se recomienda revisar esta pol\u00edtica cada vez que se acceda al mismo, con el objetivo de estar adecuadamente informado sobre c\u00f3mo y para qu\u00e9 se utilizan las cookies. La finalidad de las cookies es facilitar al usuario un acceso m\u00e1s r\u00e1pido a los servicios seleccionados.<\/p><p data-start=\"5319\" data-end=\"5775\">Si el usuario no desea que se guarden cookies en su navegador o prefiere recibir informaci\u00f3n cada vez que una cookie solicite instalarse, puede configurar sus opciones de navegaci\u00f3n para que se realice de esta forma. La mayor\u00eda de los navegadores permiten la gesti\u00f3n de las cookies de tres maneras diferentes:<br data-start=\"5628\" data-end=\"5631\" \/>\u2013 las cookies son siempre rechazadas;<br data-start=\"5668\" data-end=\"5671\" \/>\u2013 el navegador pregunta si el usuario desea instalar cada cookie;<br data-start=\"5736\" data-end=\"5739\" \/>\u2013 las cookies son siempre aceptadas.<\/p><p data-start=\"5777\" data-end=\"6236\">Asimismo, el navegador puede incluir la posibilidad de seleccionar con detalle las cookies que se desea que se instalen en el equipo. En concreto, el usuario puede normalmente aceptar alguna de las siguientes opciones:<br data-start=\"5995\" data-end=\"5998\" \/>\u2013 rechazar las cookies de determinados dominios;<br data-start=\"6046\" data-end=\"6049\" \/>\u2013 rechazar las cookies de terceros;<br data-start=\"6084\" data-end=\"6087\" \/>\u2013 aceptar cookies como no persistentes (se eliminan cuando el navegador se cierra);<br data-start=\"6170\" data-end=\"6173\" \/>\u2013 permitir al servidor crear cookies para un dominio diferente.<\/p><p data-start=\"6238\" data-end=\"6426\">Para permitir, conocer, bloquear o eliminar las cookies instaladas en el equipo, el usuario puede hacerlo mediante la configuraci\u00f3n de las opciones del navegador instalado en su ordenador.<\/p><p data-start=\"6428\" data-end=\"6539\">Puede encontrar informaci\u00f3n sobre c\u00f3mo configurar los navegadores m\u00e1s utilizados en las siguientes ubicaciones:<\/p><p data-start=\"6541\" data-end=\"6717\"><strong data-start=\"6541\" data-end=\"6563\">Internet Explorer:<\/strong> Herramientas \u2192 Opciones de Internet \u2192 Privacidad \u2192 Configuraci\u00f3n. Para m\u00e1s informaci\u00f3n, puede consultar el soporte de Microsoft o la Ayuda del navegador.<\/p><p data-start=\"6719\" data-end=\"6897\"><strong data-start=\"6719\" data-end=\"6731\">Firefox:<\/strong> Herramientas \u2192 Opciones \u2192 Privacidad \u2192 Historial \u2192 Configuraci\u00f3n personalizada. Para m\u00e1s informaci\u00f3n, puede consultar el soporte de Mozilla o la Ayuda del navegador.<\/p><p data-start=\"6899\" data-end=\"7081\"><strong data-start=\"6899\" data-end=\"6910\">Chrome:<\/strong> Configuraci\u00f3n \u2192 Mostrar opciones avanzadas \u2192 Privacidad \u2192 Configuraci\u00f3n de contenido. Para m\u00e1s informaci\u00f3n, puede consultar el soporte de Google o la Ayuda del navegador.<\/p><p data-start=\"7083\" data-end=\"7204\"><strong data-start=\"7083\" data-end=\"7094\">Safari:<\/strong> Preferencias \u2192 Seguridad. Para m\u00e1s informaci\u00f3n, puede consultar el soporte de Apple o la Ayuda del navegador.<\/p><p data-start=\"7211\" data-end=\"7253\">\u00a0<\/p>\t\t\t\t\t\t\t\t<\/div>\n\t\t\t\t<\/div>\n\t\t\t\t<\/div>\n\t\t\t\t\t<\/div>\n\t\t\t\t<\/div>\n\t\t\t\t<\/div>\n\t\t","protected":false},"excerpt":{"rendered":"<p>Pol\u00edtica de cookies En la web Factum Boho 13 utilizamos cookies para facilitar la relaci\u00f3n de los visitantes con nuestro contenido y para permitir elaborar estad\u00edsticas sobre las visitantes que recibimos.Le informamos que podemos utilizar cookies con la finalidad de facilitar su navegaci\u00f3n a trav\u00e9s del Sitio Web, distinguirle de otros usuarios, proporcionarle una mejor [&hellip;]<\/p>\n","protected":false},"author":1,"featured_media":0,"parent":0,"menu_order":0,"comment_status":"closed","ping_status":"closed","template":"","meta":{"footnotes":""},"class_list":["post-147","page","type-page","status-publish","hentry"],"yoast_head":"<!-- This site is optimized with the Yoast SEO plugin v27.3 - https:\/\/yoast.com\/product\/yoast-seo-wordpress\/ -->\n<title>Pol\u00edtica de cookies - Boho Jord\u00e1n 13<\/title>\n<meta name=\"robots\" content=\"index, follow, max-snippet:-1, max-image-preview:large, max-video-preview:-1\" \/>\n<link rel=\"canonical\" href=\"https:\/\/bohojordan13.com\/index.php\/politica-de-cookies\/\" \/>\n<meta property=\"og:locale\" content=\"es_ES\" \/>\n<meta property=\"og:type\" content=\"article\" \/>\n<meta property=\"og:title\" content=\"Pol\u00edtica de cookies - Boho Jord\u00e1n 13\" \/>\n<meta property=\"og:description\" content=\"Pol\u00edtica de cookies En la web Factum Boho 13 utilizamos cookies para facilitar la relaci\u00f3n de los visitantes con nuestro contenido y para permitir elaborar estad\u00edsticas sobre las visitantes que recibimos.Le informamos que podemos utilizar cookies con la finalidad de facilitar su navegaci\u00f3n a trav\u00e9s del Sitio Web, distinguirle de otros usuarios, proporcionarle una mejor [&hellip;]\" \/>\n<meta property=\"og:url\" content=\"https:\/\/bohojordan13.com\/index.php\/politica-de-cookies\/\" \/>\n<meta property=\"og:site_name\" content=\"Boho Jord\u00e1n 13\" \/>\n<meta property=\"article:modified_time\" content=\"2026-02-05T07:57:26+00:00\" \/>\n<meta property=\"og:image\" content=\"http:\/\/bohojordan13.com\/wp-content\/uploads\/2026\/01\/BOHO-Jordan-13-Logotipo_Bright-Red-RGB.svg\" \/>\n<meta name=\"twitter:card\" content=\"summary_large_image\" \/>\n<meta name=\"twitter:label1\" content=\"Tiempo de lectura\" \/>\n\t<meta name=\"twitter:data1\" content=\"7 minutos\" \/>\n<script type=\"application\/ld+json\" class=\"yoast-schema-graph\">{\"@context\":\"https:\\\/\\\/schema.org\",\"@graph\":[{\"@type\":\"WebPage\",\"@id\":\"https:\\\/\\\/bohojordan13.com\\\/index.php\\\/politica-de-cookies\\\/\",\"url\":\"https:\\\/\\\/bohojordan13.com\\\/index.php\\\/politica-de-cookies\\\/\",\"name\":\"Pol\u00edtica de cookies - Boho Jord\u00e1n 13\",\"isPartOf\":{\"@id\":\"https:\\\/\\\/bohojordan13.com\\\/#website\"},\"primaryImageOfPage\":{\"@id\":\"https:\\\/\\\/bohojordan13.com\\\/index.php\\\/politica-de-cookies\\\/#primaryimage\"},\"image\":{\"@id\":\"https:\\\/\\\/bohojordan13.com\\\/index.php\\\/politica-de-cookies\\\/#primaryimage\"},\"thumbnailUrl\":\"http:\\\/\\\/bohojordan13.com\\\/wp-content\\\/uploads\\\/2026\\\/01\\\/BOHO-Jordan-13-Logotipo_Bright-Red-RGB.svg\",\"datePublished\":\"2026-01-28T15:02:25+00:00\",\"dateModified\":\"2026-02-05T07:57:26+00:00\",\"breadcrumb\":{\"@id\":\"https:\\\/\\\/bohojordan13.com\\\/index.php\\\/politica-de-cookies\\\/#breadcrumb\"},\"inLanguage\":\"es\",\"potentialAction\":[{\"@type\":\"ReadAction\",\"target\":[\"https:\\\/\\\/bohojordan13.com\\\/index.php\\\/politica-de-cookies\\\/\"]}]},{\"@type\":\"ImageObject\",\"inLanguage\":\"es\",\"@id\":\"https:\\\/\\\/bohojordan13.com\\\/index.php\\\/politica-de-cookies\\\/#primaryimage\",\"url\":\"http:\\\/\\\/bohojordan13.com\\\/wp-content\\\/uploads\\\/2026\\\/01\\\/BOHO-Jordan-13-Logotipo_Bright-Red-RGB.svg\",\"contentUrl\":\"http:\\\/\\\/bohojordan13.com\\\/wp-content\\\/uploads\\\/2026\\\/01\\\/BOHO-Jordan-13-Logotipo_Bright-Red-RGB.svg\"},{\"@type\":\"BreadcrumbList\",\"@id\":\"https:\\\/\\\/bohojordan13.com\\\/index.php\\\/politica-de-cookies\\\/#breadcrumb\",\"itemListElement\":[{\"@type\":\"ListItem\",\"position\":1,\"name\":\"Portada\",\"item\":\"https:\\\/\\\/bohojordan13.com\\\/\"},{\"@type\":\"ListItem\",\"position\":2,\"name\":\"Pol\u00edtica de cookies\"}]},{\"@type\":\"WebSite\",\"@id\":\"https:\\\/\\\/bohojordan13.com\\\/#website\",\"url\":\"https:\\\/\\\/bohojordan13.com\\\/\",\"name\":\"Boho Jord\u00e1n 13\",\"description\":\"Una nueva construccion, un nuevo comienzo\",\"publisher\":{\"@id\":\"https:\\\/\\\/bohojordan13.com\\\/#organization\"},\"potentialAction\":[{\"@type\":\"SearchAction\",\"target\":{\"@type\":\"EntryPoint\",\"urlTemplate\":\"https:\\\/\\\/bohojordan13.com\\\/?s={search_term_string}\"},\"query-input\":{\"@type\":\"PropertyValueSpecification\",\"valueRequired\":true,\"valueName\":\"search_term_string\"}}],\"inLanguage\":\"es\"},{\"@type\":\"Organization\",\"@id\":\"https:\\\/\\\/bohojordan13.com\\\/#organization\",\"name\":\"Boho Jord\u00e1n 13\",\"url\":\"https:\\\/\\\/bohojordan13.com\\\/\",\"logo\":{\"@type\":\"ImageObject\",\"inLanguage\":\"es\",\"@id\":\"https:\\\/\\\/bohojordan13.com\\\/#\\\/schema\\\/logo\\\/image\\\/\",\"url\":\"https:\\\/\\\/bohojordan13.com\\\/wp-content\\\/uploads\\\/2026\\\/01\\\/BOHO-Jordan-13-Logotipo_Bright-Red-RGB.svg\",\"contentUrl\":\"https:\\\/\\\/bohojordan13.com\\\/wp-content\\\/uploads\\\/2026\\\/01\\\/BOHO-Jordan-13-Logotipo_Bright-Red-RGB.svg\",\"width\":515,\"height\":588,\"caption\":\"Boho Jord\u00e1n 13\"},\"image\":{\"@id\":\"https:\\\/\\\/bohojordan13.com\\\/#\\\/schema\\\/logo\\\/image\\\/\"}}]}<\/script>\n<!-- \/ Yoast SEO plugin. -->","yoast_head_json":{"title":"Pol\u00edtica de cookies - Boho Jord\u00e1n 13","robots":{"index":"index","follow":"follow","max-snippet":"max-snippet:-1","max-image-preview":"max-image-preview:large","max-video-preview":"max-video-preview:-1"},"canonical":"https:\/\/bohojordan13.com\/index.php\/politica-de-cookies\/","og_locale":"es_ES","og_type":"article","og_title":"Pol\u00edtica de cookies - Boho Jord\u00e1n 13","og_description":"Pol\u00edtica de cookies En la web Factum Boho 13 utilizamos cookies para facilitar la relaci\u00f3n de los visitantes con nuestro contenido y para permitir elaborar estad\u00edsticas sobre las visitantes que recibimos.Le informamos que podemos utilizar cookies con la finalidad de facilitar su navegaci\u00f3n a trav\u00e9s del Sitio Web, distinguirle de otros usuarios, proporcionarle una mejor [&hellip;]","og_url":"https:\/\/bohojordan13.com\/index.php\/politica-de-cookies\/","og_site_name":"Boho Jord\u00e1n 13","article_modified_time":"2026-02-05T07:57:26+00:00","og_image":[{"url":"http:\/\/bohojordan13.com\/wp-content\/uploads\/2026\/01\/BOHO-Jordan-13-Logotipo_Bright-Red-RGB.svg","type":"","width":"","height":""}],"twitter_card":"summary_large_image","twitter_misc":{"Tiempo de lectura":"7 minutos"},"schema":{"@context":"https:\/\/schema.org","@graph":[{"@type":"WebPage","@id":"https:\/\/bohojordan13.com\/index.php\/politica-de-cookies\/","url":"https:\/\/bohojordan13.com\/index.php\/politica-de-cookies\/","name":"Pol\u00edtica de cookies - Boho Jord\u00e1n 13","isPartOf":{"@id":"https:\/\/bohojordan13.com\/#website"},"primaryImageOfPage":{"@id":"https:\/\/bohojordan13.com\/index.php\/politica-de-cookies\/#primaryimage"},"image":{"@id":"https:\/\/bohojordan13.com\/index.php\/politica-de-cookies\/#primaryimage"},"thumbnailUrl":"http:\/\/bohojordan13.com\/wp-content\/uploads\/2026\/01\/BOHO-Jordan-13-Logotipo_Bright-Red-RGB.svg","datePublished":"2026-01-28T15:02:25+00:00","dateModified":"2026-02-05T07:57:26+00:00","breadcrumb":{"@id":"https:\/\/bohojordan13.com\/index.php\/politica-de-cookies\/#breadcrumb"},"inLanguage":"es","potentialAction":[{"@type":"ReadAction","target":["https:\/\/bohojordan13.com\/index.php\/politica-de-cookies\/"]}]},{"@type":"ImageObject","inLanguage":"es","@id":"https:\/\/bohojordan13.com\/index.php\/politica-de-cookies\/#primaryimage","url":"http:\/\/bohojordan13.com\/wp-content\/uploads\/2026\/01\/BOHO-Jordan-13-Logotipo_Bright-Red-RGB.svg","contentUrl":"http:\/\/bohojordan13.com\/wp-content\/uploads\/2026\/01\/BOHO-Jordan-13-Logotipo_Bright-Red-RGB.svg"},{"@type":"BreadcrumbList","@id":"https:\/\/bohojordan13.com\/index.php\/politica-de-cookies\/#breadcrumb","itemListElement":[{"@type":"ListItem","position":1,"name":"Portada","item":"https:\/\/bohojordan13.com\/"},{"@type":"ListItem","position":2,"name":"Pol\u00edtica de cookies"}]},{"@type":"WebSite","@id":"https:\/\/bohojordan13.com\/#website","url":"https:\/\/bohojordan13.com\/","name":"Boho Jord\u00e1n 13","description":"Una nueva construccion, un nuevo comienzo","publisher":{"@id":"https:\/\/bohojordan13.com\/#organization"},"potentialAction":[{"@type":"SearchAction","target":{"@type":"EntryPoint","urlTemplate":"https:\/\/bohojordan13.com\/?s={search_term_string}"},"query-input":{"@type":"PropertyValueSpecification","valueRequired":true,"valueName":"search_term_string"}}],"inLanguage":"es"},{"@type":"Organization","@id":"https:\/\/bohojordan13.com\/#organization","name":"Boho Jord\u00e1n 13","url":"https:\/\/bohojordan13.com\/","logo":{"@type":"ImageObject","inLanguage":"es","@id":"https:\/\/bohojordan13.com\/#\/schema\/logo\/image\/","url":"https:\/\/bohojordan13.com\/wp-content\/uploads\/2026\/01\/BOHO-Jordan-13-Logotipo_Bright-Red-RGB.svg","contentUrl":"https:\/\/bohojordan13.com\/wp-content\/uploads\/2026\/01\/BOHO-Jordan-13-Logotipo_Bright-Red-RGB.svg","width":515,"height":588,"caption":"Boho Jord\u00e1n 13"},"image":{"@id":"https:\/\/bohojordan13.com\/#\/schema\/logo\/image\/"}}]}},"_links":{"self":[{"href":"https:\/\/bohojordan13.com\/index.php\/wp-json\/wp\/v2\/pages\/147","targetHints":{"allow":["GET"]}}],"collection":[{"href":"https:\/\/bohojordan13.com\/index.php\/wp-json\/wp\/v2\/pages"}],"about":[{"href":"https:\/\/bohojordan13.com\/index.php\/wp-json\/wp\/v2\/types\/page"}],"author":[{"embeddable":true,"href":"https:\/\/bohojordan13.com\/index.php\/wp-json\/wp\/v2\/users\/1"}],"replies":[{"embeddable":true,"href":"https:\/\/bohojordan13.com\/index.php\/wp-json\/wp\/v2\/comments?post=147"}],"version-history":[{"count":19,"href":"https:\/\/bohojordan13.com\/index.php\/wp-json\/wp\/v2\/pages\/147\/revisions"}],"predecessor-version":[{"id":414,"href":"https:\/\/bohojordan13.com\/index.php\/wp-json\/wp\/v2\/pages\/147\/revisions\/414"}],"wp:attachment":[{"href":"https:\/\/bohojordan13.com\/index.php\/wp-json\/wp\/v2\/media?parent=147"}],"curies":[{"name":"wp","href":"https:\/\/api.w.org\/{rel}","templated":true}]}}